{"id":208,"date":"2025-03-01T21:06:27","date_gmt":"2025-03-01T20:06:27","guid":{"rendered":"https:\/\/www.alphanet-bochum.de\/?page_id=208"},"modified":"2025-03-18T22:50:23","modified_gmt":"2025-03-18T21:50:23","slug":"kleiner-test-meiner-neuen-360-fotografie","status":"publish","type":"page","link":"https:\/\/www.alphanet-bochum.de\/?page_id=208","title":{"rendered":"Kleiner Test meiner neuen 360\u00b0 Fotografie"},"content":{"rendered":"<p>Hier ist die erste Testaufnahme meiner neuen 360\u00b0 Kamera, bei Nacht.<br \/>Ok, ist etwas verwackelt, aber ich habe diese Aufnahme leider nicht mit einem Stativ gemacht.<br \/>Das hier ist auch der erste Test des 360\u00b0-Plugins.<br \/>Ja, sieht noch nicht so toll aus, aber hey, es ist nur eine Testaufnahme um Technik und Plugin zu testen!<\/p>\n<p><!-- wp:wpvr\/wpvr-block [wpvr id=\"206\"] \/--><\/p>\n\n<div \r\n    class=\"wp-block-bpgb-panorama\" \r\n    id='bpgbPanoramaBlock-1' \r\n    data-attributes='{&quot;cId&quot;:&quot;f81ce28a-9f0e-4d13-8ed8-21c2c7805312&quot;,&quot;panoImage&quot;:{&quot;id&quot;:207,&quot;url&quot;:&quot;https:\\\/\\\/www.alphanet-bochum.de\\\/wp-content\\\/uploads\\\/2025\\\/03\\\/IMG_20250301_195509_00_006-scaled.jpg&quot;,&quot;alt&quot;:&quot;&quot;,&quot;title&quot;:&quot;DCIMCamera01IMG_20250301_195509_00_006.jp&quot;},&quot;width&quot;:&quot;95%&quot;,&quot;height&quot;:&quot;500px&quot;,&quot;rotateSpeed&quot;:0.5,&quot;className&quot;:&quot;&quot;,&quot;align&quot;:&quot;&quot;,&quot;panoType&quot;:&quot;image&quot;,&quot;panoVideo&quot;:{&quot;id&quot;:null,&quot;url&quot;:&quot;&quot;,&quot;title&quot;:&quot;&quot;},&quot;autoRotate&quot;:true,&quot;hideControl&quot;:true,&quot;autoPlay&quot;:true,&quot;videoMute&quot;:true,&quot;videoLoop&quot;:true,&quot;alignment&quot;:&quot;center&quot;}'>\r\n    <div class=\"bpgbPanorama\"><\/div>\r\n<\/div>\n\n\n<p><em><sup>Blick aus meinem K\u00fcchenfenster &#8211; Bochum Oberdahlhausen bei Nacht am 1. M\u00e4rz 2025 um 19:55 Uhr<\/sup><\/em><\/p>\n\n\n\n<p>Mit der Maus kann der Blickwinkel ver\u00e4ndert werden, in dem man die linke Maustaste gedr\u00fcckt h\u00e4lt und die Maus dann bewegt.<br>Mit dem Mausrad kann man in das Bild rein und rauszoomen.<\/p>\n\n\n\n<p><strong>Allgemeiner Hinweis:<\/strong><br>Es versteht sich hoffentlich von selbst, dass die hier verwendeten Bilder mein Eigentum sind.<br>F\u00fcr den privaten Gebrauch d\u00fcrfen die Bilder verwendet werden. Jedoch m\u00f6chte ich nicht, dass meine Videos oder Fotos auf anderen Seiten oder Portalen verwendet werden, ohne mich zu fragen.<\/p>\n\n\n\n<p>In der Regel stimme ich einer nicht kommerziellen Nutzung zu, aber fragt mich bitte vorher und lasst einen Quellenhinweis da.<br><\/p>\n\n\n\n<p><\/p>\n","protected":false},"excerpt":{"rendered":"<p>Hier ist die erste Testaufnahme meiner neuen 360\u00b0 Kamera, bei Nacht.Ok, ist etwas verwackelt, aber ich habe diese Aufnahme leider nicht mit einem Stativ gemacht.Das hier ist auch der erste Test des 360\u00b0-Plugins.Ja, sieht noch nicht so toll aus, aber hey, es ist nur eine Testaufnahme um Technik und Plugin [&hellip;]<\/p>\n","protected":false},"author":1,"featured_media":0,"parent":229,"menu_order":1,"comment_status":"closed","ping_status":"closed","template":"","meta":{"footnotes":""},"class_list":["post-208","page","type-page","status-publish","hentry"],"_links":{"self":[{"href":"https:\/\/www.alphanet-bochum.de\/index.php?rest_route=\/wp\/v2\/pages\/208"}],"collection":[{"href":"https:\/\/www.alphanet-bochum.de\/index.php?rest_route=\/wp\/v2\/pages"}],"about":[{"href":"https:\/\/www.alphanet-bochum.de\/index.php?rest_route=\/wp\/v2\/types\/page"}],"author":[{"embeddable":true,"href":"https:\/\/www.alphanet-bochum.de\/index.php?rest_route=\/wp\/v2\/users\/1"}],"replies":[{"embeddable":true,"href":"https:\/\/www.alphanet-bochum.de\/index.php?rest_route=%2Fwp%2Fv2%2Fcomments&post=208"}],"version-history":[{"count":19,"href":"https:\/\/www.alphanet-bochum.de\/index.php?rest_route=\/wp\/v2\/pages\/208\/revisions"}],"predecessor-version":[{"id":237,"href":"https:\/\/www.alphanet-bochum.de\/index.php?rest_route=\/wp\/v2\/pages\/208\/revisions\/237"}],"up":[{"embeddable":true,"href":"https:\/\/www.alphanet-bochum.de\/index.php?rest_route=\/wp\/v2\/pages\/229"}],"wp:attachment":[{"href":"https:\/\/www.alphanet-bochum.de\/index.php?rest_route=%2Fwp%2Fv2%2Fmedia&parent=208"}],"curies":[{"name":"wp","href":"https:\/\/api.w.org\/{rel}","templated":true}]}}