{"id":257,"date":"2025-03-18T22:40:37","date_gmt":"2025-03-18T21:40:37","guid":{"rendered":"https:\/\/www.alphanet-bochum.de\/?page_id=257"},"modified":"2025-03-18T22:51:44","modified_gmt":"2025-03-18T21:51:44","slug":"360-foto-ausflug-maerz-2025-venlo","status":"publish","type":"page","link":"https:\/\/www.alphanet-bochum.de\/?page_id=257","title":{"rendered":"360\u00b0-Foto Ausflug: M\u00e4rz 2025 Venlo"},"content":{"rendered":"\n<p>18. M\u00e4rz: Ich brauchte einen kleinen Tapetenwechsel&#8230; ich musste einfach mal wieder raus aus den eigenen 4 W\u00e4nden. <br>Also was w\u00e4re da nicht besser, als bei dem guten Wetter f\u00fcr ein kleinen Shopping-Ausflug nach Venlo an der niederl\u00e4ndisch-deutschen Grenze zu fahren. Diesmal dabei: meine Insta360 X4, f\u00fcr ein paar Schnappsch\u00fcsse.<\/p>\n\n\n<div \r\n    class=\"wp-block-bpgb-panorama\" \r\n    id='bpgbPanoramaBlock-1' \r\n    data-attributes='{&quot;cId&quot;:&quot;dcdabaeb-1ea7-4a01-9544-ac4e775c5581&quot;,&quot;panoImage&quot;:{&quot;id&quot;:null,&quot;url&quot;:&quot;https:\\\/\\\/www.alphanet-bochum.de\\\/wp-content\\\/uploads\\\/2025\\\/03\\\/IMG_20250318_124907_00_018.jpg&quot;,&quot;alt&quot;:&quot;&quot;,&quot;title&quot;:&quot;&quot;},&quot;height&quot;:&quot;600px&quot;,&quot;rotateSpeed&quot;:0.4,&quot;className&quot;:&quot;&quot;,&quot;align&quot;:&quot;&quot;,&quot;panoType&quot;:&quot;image&quot;,&quot;panoVideo&quot;:{&quot;id&quot;:null,&quot;url&quot;:&quot;&quot;,&quot;title&quot;:&quot;&quot;},&quot;width&quot;:&quot;100%&quot;,&quot;autoRotate&quot;:true,&quot;hideControl&quot;:true,&quot;autoPlay&quot;:true,&quot;videoMute&quot;:true,&quot;videoLoop&quot;:true,&quot;alignment&quot;:&quot;center&quot;}'>\r\n    <div class=\"bpgbPanorama\"><\/div>\r\n<\/div>\n\n\n<p><em><sup>Am Nolensplein in Venlo. <\/sup><\/em><\/p>\n\n\n\n<p>Das erste, was die meisten Besucher in Venlo sehen. Der Platz am Parkplatz in der N\u00e4he von den &#8222;2Br\u00fcder von Venlo&#8220; und den kleinen Buden vor der Fu\u00dfg\u00e4ngerzone.<\/p>\n\n\n\n<p><\/p>\n\n\n<div \r\n    class=\"wp-block-bpgb-panorama\" \r\n    id='bpgbPanoramaBlock-2' \r\n    data-attributes='{&quot;cId&quot;:&quot;733a16b7-1ecf-4176-8124-5ded52f6e12a&quot;,&quot;panoImage&quot;:{&quot;id&quot;:null,&quot;url&quot;:&quot;https:\\\/\\\/www.alphanet-bochum.de\\\/wp-content\\\/uploads\\\/2025\\\/03\\\/IMG_20250318_124816_00_017.jpg&quot;,&quot;alt&quot;:&quot;&quot;,&quot;title&quot;:&quot;&quot;},&quot;height&quot;:&quot;600px&quot;,&quot;rotateSpeed&quot;:0.4,&quot;className&quot;:&quot;&quot;,&quot;align&quot;:&quot;&quot;,&quot;panoType&quot;:&quot;image&quot;,&quot;panoVideo&quot;:{&quot;id&quot;:null,&quot;url&quot;:&quot;&quot;,&quot;title&quot;:&quot;&quot;},&quot;width&quot;:&quot;100%&quot;,&quot;autoRotate&quot;:true,&quot;hideControl&quot;:true,&quot;autoPlay&quot;:true,&quot;videoMute&quot;:true,&quot;videoLoop&quot;:true,&quot;alignment&quot;:&quot;center&quot;}'>\r\n    <div class=\"bpgbPanorama\"><\/div>\r\n<\/div>\n\n\n<p><em><sup>Die kleinen Buden, vor der Fu\u00dfg\u00e4ngerzone am Parkplatz.<\/sup><\/em><\/p>\n\n\n\n<p>Immer wenn ich hier hin fahre, brauche ich erstmal einen kleinen Snack.<br>Diesen hole ich mir an der kleinen Bude hier.<br>Hier findet man (Stand M\u00e4rz 2025) einen Imbis (wo ich mir immer eine Frikandel g\u00f6nne), ein K\u00e4seladen, ein Blumenladen mit ein paar Lederwaren und eine Handybude.<br>Bis auf das letztere, eigentlich genau alles, womit die meisten Deutschen die Niederlande (oder hier umgangsprachlich &#8222;Holland&#8220; genannt) verbinden! &#8230; obwohl &#8230; wo ist das Gras?<\/p>\n\n\n\n<p><\/p>\n\n\n<div \r\n    class=\"wp-block-bpgb-panorama\" \r\n    id='bpgbPanoramaBlock-3' \r\n    data-attributes='{&quot;cId&quot;:&quot;6aff83dc-fcba-4b8e-8f80-4d40f8124543&quot;,&quot;panoImage&quot;:{&quot;id&quot;:null,&quot;url&quot;:&quot;https:\\\/\\\/www.alphanet-bochum.de\\\/wp-content\\\/uploads\\\/2025\\\/03\\\/IMG_20250318_124205_00_012.jpg&quot;,&quot;alt&quot;:&quot;&quot;,&quot;title&quot;:&quot;&quot;},&quot;height&quot;:&quot;600px&quot;,&quot;rotateSpeed&quot;:0.4,&quot;className&quot;:&quot;&quot;,&quot;align&quot;:&quot;&quot;,&quot;panoType&quot;:&quot;image&quot;,&quot;panoVideo&quot;:{&quot;id&quot;:null,&quot;url&quot;:&quot;&quot;,&quot;title&quot;:&quot;&quot;},&quot;width&quot;:&quot;100%&quot;,&quot;autoRotate&quot;:true,&quot;hideControl&quot;:true,&quot;autoPlay&quot;:true,&quot;videoMute&quot;:true,&quot;videoLoop&quot;:true,&quot;alignment&quot;:&quot;center&quot;}'>\r\n    <div class=\"bpgbPanorama\"><\/div>\r\n<\/div>\n\n\n<p><sup><em>Anfang der Fu\u00dfg\u00e4ngerzone.<\/em><\/sup><\/p>\n\n\n\n<p>Die meisten werden Venlo vermutlich nur zum shoppen anfahren und gehen vermutlich auch nur zu den &#8222;2 Br\u00fcder von Venlo&#8220;. <br>Es gibt hier eine gro\u00dfe Auswahl an Kaffee, Tee, freien Medikamenten, S\u00fc\u00dfkram und allerlei sch\u00f6ne kulinarischen Sachen.<br>Auch sind verdammt oft Softdrinks im Angebot. Aber man sollte vorher die Preise vergleichen.<br>Nicht alles ist dort immer g\u00fcnstiger, als in Deutschland. Auch der Kaffee ist dort nicht immer g\u00fcnstiger.<\/p>\n\n\n\n<p><\/p>\n\n\n<div \r\n    class=\"wp-block-bpgb-panorama\" \r\n    id='bpgbPanoramaBlock-4' \r\n    data-attributes='{&quot;cId&quot;:&quot;e3627499-dd3f-4333-b600-035059808ecd&quot;,&quot;panoImage&quot;:{&quot;id&quot;:null,&quot;url&quot;:&quot;https:\\\/\\\/www.alphanet-bochum.de\\\/wp-content\\\/uploads\\\/2025\\\/03\\\/IMG_20250318_120208_00_004.jpg&quot;,&quot;alt&quot;:&quot;&quot;,&quot;title&quot;:&quot;&quot;},&quot;height&quot;:&quot;600px&quot;,&quot;rotateSpeed&quot;:0.4,&quot;className&quot;:&quot;&quot;,&quot;align&quot;:&quot;&quot;,&quot;panoType&quot;:&quot;image&quot;,&quot;panoVideo&quot;:{&quot;id&quot;:null,&quot;url&quot;:&quot;&quot;,&quot;title&quot;:&quot;&quot;},&quot;width&quot;:&quot;100%&quot;,&quot;autoRotate&quot;:true,&quot;hideControl&quot;:true,&quot;autoPlay&quot;:true,&quot;videoMute&quot;:true,&quot;videoLoop&quot;:true,&quot;alignment&quot;:&quot;center&quot;}'>\r\n    <div class=\"bpgbPanorama\"><\/div>\r\n<\/div>\n\n\n<p><em><sup>Am eigentlichen Marktplatz, vor dem Stadhuis Venlo<\/sup><\/em><\/p>\n\n\n\n<p><\/p>\n\n\n<div \r\n    class=\"wp-block-bpgb-panorama\" \r\n    id='bpgbPanoramaBlock-5' \r\n    data-attributes='{&quot;cId&quot;:&quot;fc4905c4-941a-4e87-9385-8190977edc75&quot;,&quot;panoImage&quot;:{&quot;id&quot;:null,&quot;url&quot;:&quot;https:\\\/\\\/www.alphanet-bochum.de\\\/wp-content\\\/uploads\\\/2025\\\/03\\\/IMG_20250318_123040_00_007.jpg&quot;,&quot;alt&quot;:&quot;&quot;,&quot;title&quot;:&quot;&quot;},&quot;height&quot;:&quot;600px&quot;,&quot;rotateSpeed&quot;:0.4,&quot;className&quot;:&quot;&quot;,&quot;align&quot;:&quot;&quot;,&quot;panoType&quot;:&quot;image&quot;,&quot;panoVideo&quot;:{&quot;id&quot;:null,&quot;url&quot;:&quot;&quot;,&quot;title&quot;:&quot;&quot;},&quot;width&quot;:&quot;100%&quot;,&quot;autoRotate&quot;:true,&quot;hideControl&quot;:true,&quot;autoPlay&quot;:true,&quot;videoMute&quot;:true,&quot;videoLoop&quot;:true,&quot;alignment&quot;:&quot;center&quot;}'>\r\n    <div class=\"bpgbPanorama\"><\/div>\r\n<\/div>\n\n\n<p><em><sup>Direkt neben dem Marktplatz, ein weiterer Platz mit Cafes.<\/sup><\/em><\/p>\n\n\n\n<p>Auf dem Weg zum Stadthafen, kommt man an einem anderen kleinen Platz vorbei.<\/p>\n\n\n<div \r\n    class=\"wp-block-bpgb-panorama\" \r\n    id='bpgbPanoramaBlock-6' \r\n    data-attributes='{&quot;cId&quot;:&quot;e3e9271b-319c-4e0e-aeea-6e1bc2925024&quot;,&quot;panoImage&quot;:{&quot;id&quot;:null,&quot;url&quot;:&quot;https:\\\/\\\/www.alphanet-bochum.de\\\/wp-content\\\/uploads\\\/2025\\\/03\\\/IMG_20250318_123233_00_009.jpg&quot;,&quot;alt&quot;:&quot;&quot;,&quot;title&quot;:&quot;&quot;},&quot;height&quot;:&quot;600px&quot;,&quot;rotateSpeed&quot;:0.4,&quot;className&quot;:&quot;&quot;,&quot;align&quot;:&quot;&quot;,&quot;panoType&quot;:&quot;image&quot;,&quot;panoVideo&quot;:{&quot;id&quot;:null,&quot;url&quot;:&quot;&quot;,&quot;title&quot;:&quot;&quot;},&quot;width&quot;:&quot;100%&quot;,&quot;autoRotate&quot;:true,&quot;hideControl&quot;:true,&quot;autoPlay&quot;:true,&quot;videoMute&quot;:true,&quot;videoLoop&quot;:true,&quot;alignment&quot;:&quot;center&quot;}'>\r\n    <div class=\"bpgbPanorama\"><\/div>\r\n<\/div>\n\n\n<p><em><sup>Am &#8222;Stadshaven Venlo&#8220; an der Maas <\/sup><\/em><\/p>\n\n\n\n<p>Das letzte Foto, welches ich aus dem Ausflug hier hochlade. Der Hafen von Venlo. Hinten auf der anderen Seite der Br\u00fccke kann man das &#8222;Neptun&#8220; Denkmal sehen.<br>  <\/p>\n\n\n\n<p><br><strong>Allgemeiner Hinweis:<\/strong><br>Es versteht sich hoffentlich von selbst, dass die hier verwendeten Bilder mein Eigentum sind.<br>F\u00fcr den privaten Gebrauch d\u00fcrfen die Bilder verwendet werden. Jedoch m\u00f6chte ich nicht, dass meine Videos oder Fotos auf anderen Seiten oder Portalen verwendet werden, ohne mich zu fragen.<\/p>\n\n\n\n<p>In der Regel stimme ich einer nicht kommerziellen Nutzung zu, aber fragt mich bitte vorher und lasst einen Quellenhinweis da.<\/p>\n\n\n\n<p><\/p>\n","protected":false},"excerpt":{"rendered":"<p>18. M\u00e4rz: Ich brauchte einen kleinen Tapetenwechsel&#8230; ich musste einfach mal wieder raus aus den eigenen 4 W\u00e4nden. Also was w\u00e4re da nicht besser, als bei dem guten Wetter f\u00fcr ein kleinen Shopping-Ausflug nach Venlo an der niederl\u00e4ndisch-deutschen Grenze zu fahren. Diesmal dabei: meine Insta360 X4, f\u00fcr ein paar Schnappsch\u00fcsse. [&hellip;]<\/p>\n","protected":false},"author":1,"featured_media":0,"parent":229,"menu_order":3,"comment_status":"closed","ping_status":"closed","template":"","meta":{"footnotes":""},"class_list":["post-257","page","type-page","status-publish","hentry"],"_links":{"self":[{"href":"https:\/\/www.alphanet-bochum.de\/index.php?rest_route=\/wp\/v2\/pages\/257"}],"collection":[{"href":"https:\/\/www.alphanet-bochum.de\/index.php?rest_route=\/wp\/v2\/pages"}],"about":[{"href":"https:\/\/www.alphanet-bochum.de\/index.php?rest_route=\/wp\/v2\/types\/page"}],"author":[{"embeddable":true,"href":"https:\/\/www.alphanet-bochum.de\/index.php?rest_route=\/wp\/v2\/users\/1"}],"replies":[{"embeddable":true,"href":"https:\/\/www.alphanet-bochum.de\/index.php?rest_route=%2Fwp%2Fv2%2Fcomments&post=257"}],"version-history":[{"count":7,"href":"https:\/\/www.alphanet-bochum.de\/index.php?rest_route=\/wp\/v2\/pages\/257\/revisions"}],"predecessor-version":[{"id":274,"href":"https:\/\/www.alphanet-bochum.de\/index.php?rest_route=\/wp\/v2\/pages\/257\/revisions\/274"}],"up":[{"embeddable":true,"href":"https:\/\/www.alphanet-bochum.de\/index.php?rest_route=\/wp\/v2\/pages\/229"}],"wp:attachment":[{"href":"https:\/\/www.alphanet-bochum.de\/index.php?rest_route=%2Fwp%2Fv2%2Fmedia&parent=257"}],"curies":[{"name":"wp","href":"https:\/\/api.w.org\/{rel}","templated":true}]}}