{"id":27,"date":"2021-05-16T18:17:08","date_gmt":"2021-05-16T17:17:08","guid":{"rendered":"https:\/\/www.alphanet-bochum.de\/?page_id=27"},"modified":"2025-03-18T22:55:22","modified_gmt":"2025-03-18T21:55:22","slug":"die-gebraeuchlichsten-begriffe","status":"publish","type":"page","link":"https:\/\/www.alphanet-bochum.de\/?page_id=27","title":{"rendered":"Die gebr\u00e4uchlichsten Begriffe"},"content":{"rendered":"\n<div class=\"wp-block-columns is-layout-flex wp-container-core-columns-is-layout-2 wp-block-columns-is-layout-flex\">\n<div class=\"wp-block-column is-layout-flow wp-block-column-is-layout-flow\" style=\"flex-basis:100%\">\n<div class=\"wp-block-columns is-layout-flex wp-container-core-columns-is-layout-1 wp-block-columns-is-layout-flex\">\n<div class=\"wp-block-column is-layout-flow wp-block-column-is-layout-flow\">\n<p class=\"has-medium-font-size\">Hier eine kleine und kurze Erkl\u00e4rung zu den am meisten auftretenden Begriffen in der Lichttechnik. Klar, diese Liste ist nicht l\u00fcckenlos, aber dennoch versuche ich hier alle eventuell (f\u00fcr den &#8222;Laien&#8220;) unbekannten Begriffe zu erkl\u00e4ren, die ich auf meiner Seite verwende.<\/p>\n<\/div>\n<\/div>\n\n\n\n<p><strong>Blackout:<\/strong><br>Eine Taste die an fast jedem Lichtmischpult vorhanden ist.<br>Vergleichbar mit der &#8222;Mute&#8220;-Taste an einer Audioanlage.<br>Ist diese Taste aktiv, werden alle Werte auf 0 bzw. auf &#8222;Aus&#8220; gesetzt.&nbsp;<\/p>\n\n\n\n<p><strong>Dichroitischer&nbsp;Farbfilter:<\/strong><br>Diese Farbfilter sind um einiges besser und langlebiger als normal &#8222;eingef\u00e4rbtes&#8220; Glas.<br>Statt das Licht einfach nur einzuf\u00e4rben, lassen diese Filter nur eine bestimmte Wellenl\u00e4nge durch.<br>Ein Kleiner Teil kann diesen Filter passieren und der rest wird zur\u00fcck reflektiert.<br>Man kann nicht einfach auf die Scheibe schauen, und weiss welche Farbe das Licht danach hat.<br>Nur wenn diese durchleuchtet werden, kann man die Farbe erkennen.<\/p>\n\n\n\n<p><strong>Dimmerpack:<\/strong><br>Mit einem DMX-Dimmerpack kann man Scheinwerfer und Effektstrahler DMX-tauglich machen, die es nicht sind.<br>Die Spannung an den Steckdosen k\u00f6nnen \u00fcber DMX geregelt werden.&nbsp;<\/p>\n\n\n\n<figure class=\"wp-block-image size-large\"><img loading=\"lazy\" decoding=\"async\" width=\"400\" height=\"461\" src=\"https:\/\/www.alphanet-bochum.de\/wp-content\/uploads\/2021\/05\/002dimmerpack-1.jpg\" alt=\"\" class=\"wp-image-53\" title=\"DMX-Dimmerpack\" srcset=\"https:\/\/www.alphanet-bochum.de\/wp-content\/uploads\/2021\/05\/002dimmerpack-1.jpg 400w, https:\/\/www.alphanet-bochum.de\/wp-content\/uploads\/2021\/05\/002dimmerpack-1-260x300.jpg 260w\" sizes=\"(max-width: 400px) 100vw, 400px\" \/><figcaption>Ein 4Ch Dimmerpack<\/figcaption><\/figure>\n\n\n\n<p><strong>DMX:<\/strong><br>Steht f\u00fcr Digital Multiplexing.<br>Es Basiert auf dem RS-485-Netzwerkprotokoll und \u00fcbertr\u00e4gt die die seriellen Daten \u00fcber das symmetrische \u00dcbertragungsverfahren. N\u00e4heres dazu im Artikel &#8222;DMX: Das Signal selbst&#8220;.<\/p>\n\n\n\n<p><strong>Farbrad:<\/strong><br>Um den Lichtrahl zu f\u00e4rben, wird ein Farbrad verwendet.<br>Eine Scheibe, mit mehreren L\u00f6chern, in denen Farbfilter eingelassen sind.<br>Gute Farbr\u00e4der nutzen Dicroitische Farbfilter.<\/p>\n\n\n\n<figure class=\"wp-block-image size-large\"><img loading=\"lazy\" decoding=\"async\" width=\"500\" height=\"352\" src=\"https:\/\/www.alphanet-bochum.de\/wp-content\/uploads\/2021\/05\/002farbrad-1.jpg\" alt=\"\" class=\"wp-image-52\" srcset=\"https:\/\/www.alphanet-bochum.de\/wp-content\/uploads\/2021\/05\/002farbrad-1.jpg 500w, https:\/\/www.alphanet-bochum.de\/wp-content\/uploads\/2021\/05\/002farbrad-1-300x211.jpg 300w\" sizes=\"(max-width: 500px) 100vw, 500px\" \/><figcaption>Ein Farbrad in einem DMX-Scanner<\/figcaption><\/figure>\n\n\n\n<p><strong>Gobo:<\/strong><br>Ein Gobo ist eine Motivscheibe, die durchleuchtet wird.<br>Es ist vergleichbar mit einem Negativ, bei einem Diaprojektor.<br>Diese Motive k\u00f6nnen einfache Figuren oder sogar Logos sein.<br>Gobo bedeutet <strong>G<\/strong>raphical <strong>o<\/strong>ptical <strong>B<\/strong>lack<strong>o<\/strong>ut<\/p>\n\n\n\n<figure class=\"wp-block-image size-large\"><img loading=\"lazy\" decoding=\"async\" width=\"500\" height=\"349\" src=\"https:\/\/www.alphanet-bochum.de\/wp-content\/uploads\/2021\/05\/002goborad-1.jpg\" alt=\"\" class=\"wp-image-51\" title=\"Goborad\" srcset=\"https:\/\/www.alphanet-bochum.de\/wp-content\/uploads\/2021\/05\/002goborad-1.jpg 500w, https:\/\/www.alphanet-bochum.de\/wp-content\/uploads\/2021\/05\/002goborad-1-300x209.jpg 300w\" sizes=\"(max-width: 500px) 100vw, 500px\" \/><\/figure>\n\n\n\n<p><strong>Laser:<\/strong><br>Ist eigentlich auch eine Abk\u00fcrzung und steht f\u00fcr Light Amplification by Stimulated Emission of Radiation oder auf deutsch: Lichtverst\u00e4rkung durch stimulierte Emission von Strahlung.<br>In der Lichttechnik ist ein Laser immer ein wahrer Blickfang!<br>Einige Laser k\u00f6nnen komplexe Vektor-Grafiken projizieren, aber auch ein gutes Laser-Gitter wirkt immer gut auf die Menge im Publikum. Am effektivsten ist ein Laser in einem leicht eingenebelten Raum.<\/p>\n\n\n\n<figure class=\"wp-block-image size-large\"><img loading=\"lazy\" decoding=\"async\" width=\"600\" height=\"570\" src=\"https:\/\/www.alphanet-bochum.de\/wp-content\/uploads\/2021\/05\/001lasernight-1.jpg\" alt=\"\" class=\"wp-image-49\" title=\"Laser in der Dunkelheit\" srcset=\"https:\/\/www.alphanet-bochum.de\/wp-content\/uploads\/2021\/05\/001lasernight-1.jpg 600w, https:\/\/www.alphanet-bochum.de\/wp-content\/uploads\/2021\/05\/001lasernight-1-300x285.jpg 300w\" sizes=\"(max-width: 600px) 100vw, 600px\" \/><figcaption>Ein Laser wirkt in der Dunkelheit mit etwa Nebel immer sehr gut<\/figcaption><\/figure>\n\n\n\n<figure class=\"wp-block-image size-large\"><img loading=\"lazy\" decoding=\"async\" width=\"600\" height=\"452\" src=\"https:\/\/www.alphanet-bochum.de\/wp-content\/uploads\/2021\/05\/001laserday.jpg\" alt=\"\" class=\"wp-image-50\" srcset=\"https:\/\/www.alphanet-bochum.de\/wp-content\/uploads\/2021\/05\/001laserday.jpg 600w, https:\/\/www.alphanet-bochum.de\/wp-content\/uploads\/2021\/05\/001laserday-300x226.jpg 300w\" sizes=\"(max-width: 600px) 100vw, 600px\" \/><figcaption>Bei Tageslicht braucht man mehr Leistung und Nebel, damit der Laser wirkt<\/figcaption><\/figure>\n\n\n\n<p><strong>MIDI:<\/strong><br>Midi bedeutet Musical Instrument Digital Interface und heist auf gut deutsch: Digitale Schnittstelle f\u00fcr Musikinstrumente.<br>\u00dcber dieses Protokoll werden keine akustischen Daten \u00fcbertragen.<br>Es werden nur Noten-Informationen und Steuerungs-Befehle \u00fcbertragen (Pan, Modulation, Volume, Anschlagst\u00e4rke).<br>Es stehen 16 Kan\u00e4le zur Verf\u00fcgung. Kanal 10 wird meistens f\u00fcr Drums und Precussions verwendet (Schlagzeuge).<\/p>\n\n\n\n<p><strong>Moving-Head:<\/strong><br>Diese Ger\u00e4te sind um einiges leistungsst\u00e4rker und effektiver als Scanner.<br>Den Namen &#8222;Moving Heads&#8220; haben diese Ger\u00e4te, da das gesamte Ger\u00e4t sich bewegt und rotieren kann.<br>W\u00e4hrend ein Scanner mit meistens 180\u00b0 Pan und 90\u00b0 Tilt ausgereitzt ist, kann eine MoviingHead sich meist mehrfach um die eigene Achse drehen (Pan &gt;= 360\u00b0)! Auch der Tilt einer MovingHead ist deutlich gr\u00f6\u00dfer als bei einem Scanner (die hier abgebildete MovingHead hat ein Tilt-Bereich von 270\u00b0)!<br>Eine Movinghead bietet auch im Vergleich zu einem Scanner viel mehr Platz f\u00fcr zus\u00e4tzliche Effekte wie z.B. rotierende Gobos, Effect-Linsen, Prisma, Fokus-Linse, etc.<br>Leider sind diese wegen der ganzen Mechaniken auch meistens sehr teuer.<\/p>\n\n\n\n<figure class=\"wp-block-image size-large\"><img loading=\"lazy\" decoding=\"async\" width=\"404\" height=\"500\" src=\"https:\/\/www.alphanet-bochum.de\/wp-content\/uploads\/2021\/05\/001movinghead-1.jpg\" alt=\"\" class=\"wp-image-48\" title=\"Movinghead Showtec Phantom250\" srcset=\"https:\/\/www.alphanet-bochum.de\/wp-content\/uploads\/2021\/05\/001movinghead-1.jpg 404w, https:\/\/www.alphanet-bochum.de\/wp-content\/uploads\/2021\/05\/001movinghead-1-242x300.jpg 242w\" sizes=\"(max-width: 404px) 100vw, 404px\" \/><\/figure>\n\n\n\n<p><strong>Pan und Tilt:<\/strong><br>Damit sind die Bewegungsrichtungen der Projektion gemeint.<br>An einem Scanner (an dessem Spiegel) kann man diese Bewegung am besten erkennen.<br>Pan ist eine Ableitung von Panorama. Tilt ist ein anderer Begriff f\u00fcr Neigen.<\/p>\n\n\n\n<figure class=\"wp-block-image size-large\"><img loading=\"lazy\" decoding=\"async\" width=\"439\" height=\"778\" src=\"https:\/\/www.alphanet-bochum.de\/wp-content\/uploads\/2021\/05\/001pan-tilt-1.jpg\" alt=\"\" class=\"wp-image-47\" title=\"Pan und Tilt\" srcset=\"https:\/\/www.alphanet-bochum.de\/wp-content\/uploads\/2021\/05\/001pan-tilt-1.jpg 439w, https:\/\/www.alphanet-bochum.de\/wp-content\/uploads\/2021\/05\/001pan-tilt-1-169x300.jpg 169w\" sizes=\"(max-width: 439px) 100vw, 439px\" \/><\/figure>\n\n\n\n<p><strong>PAR:<\/strong><br>Steht f\u00fcr Parabolic Aluminized Reflector und bezeichnete eher das Leuchtmittel, welches einen gew\u00f6lbten Aluminium Reflektor verwendete.<br>Viele PAR-Scheinwerfer in klein Discos und Heimanwendungen sind mittlerweile auf LED-Basis.<br>Auf Grund der \u00c4hnlichkeit zu einem Kanonenrohr haben diese Scheinwerfer auch den netten Namen &#8222;PAR-Kanone&#8220; bekommen. PARs geh\u00f6ren zur absoluten Grundausstattung einer jeden B\u00fchnen oder Stage-Ausleuchtung.<\/p>\n\n\n\n<figure class=\"wp-block-image size-large\"><img loading=\"lazy\" decoding=\"async\" width=\"600\" height=\"550\" src=\"https:\/\/www.alphanet-bochum.de\/wp-content\/uploads\/2021\/05\/001par-1.jpg\" alt=\"\" class=\"wp-image-46\" title=\"Ein PAR-Scheinwerfer\" srcset=\"https:\/\/www.alphanet-bochum.de\/wp-content\/uploads\/2021\/05\/001par-1.jpg 600w, https:\/\/www.alphanet-bochum.de\/wp-content\/uploads\/2021\/05\/001par-1-300x275.jpg 300w\" sizes=\"(max-width: 600px) 100vw, 600px\" \/><\/figure>\n\n\n\n<p><strong>Prisma:<br><\/strong>Ein Prisma ist eine Effektlinse, die den Lichtstrahl in mehrere aufteilt.<br>So ist es m\u00f6glich, aus einem Projezierten Gobo z.B. 3 (je nach Prisma) gleiche Gobos zu projezieren!<\/p>\n\n\n\n<p><em>(Bild folgt noch!)<\/em><\/p>\n\n\n\n<p><strong>Scanner:<\/strong><br>Ein Scanner ist ein Projektor mit einem schwenk und neigbaren Spiegel, der die Projektion ablenken kann.<br>Scanner sind meist folgenderma\u00dfen aufgebaut: Ein Leuchtmittel erzeugt einen hellen Lichtstrahl der durch einen Reflektor geb\u00fcndelt wird, dieser trifft auf das Farb- und das Goborad. Nach der Linse tifft der Lichtstrahl auf den Ablenkspiegel und somit ist der Lichtstrahl durch die ganze Stage lenkbar.<\/p>\n\n\n\n<figure class=\"wp-block-image size-large\"><img loading=\"lazy\" decoding=\"async\" width=\"500\" height=\"332\" src=\"https:\/\/www.alphanet-bochum.de\/wp-content\/uploads\/2021\/05\/002gobofarb-1.jpg\" alt=\"\" class=\"wp-image-44\" srcset=\"https:\/\/www.alphanet-bochum.de\/wp-content\/uploads\/2021\/05\/002gobofarb-1.jpg 500w, https:\/\/www.alphanet-bochum.de\/wp-content\/uploads\/2021\/05\/002gobofarb-1-300x199.jpg 300w, https:\/\/www.alphanet-bochum.de\/wp-content\/uploads\/2021\/05\/002gobofarb-1-360x240.jpg 360w\" sizes=\"(max-width: 500px) 100vw, 500px\" \/><\/figure>\n\n\n\n<figure class=\"wp-block-image size-large\"><img loading=\"lazy\" decoding=\"async\" width=\"600\" height=\"300\" src=\"https:\/\/www.alphanet-bochum.de\/wp-content\/uploads\/2021\/05\/002scanneraufbau-1.jpg\" alt=\"\" class=\"wp-image-45\" srcset=\"https:\/\/www.alphanet-bochum.de\/wp-content\/uploads\/2021\/05\/002scanneraufbau-1.jpg 600w, https:\/\/www.alphanet-bochum.de\/wp-content\/uploads\/2021\/05\/002scanneraufbau-1-300x150.jpg 300w\" sizes=\"(max-width: 600px) 100vw, 600px\" \/><figcaption>Aufbau eines einfachen Scanners<\/figcaption><\/figure>\n\n\n\n<p><strong>Sound2Light:<\/strong><br>Mit Sound2Light (englisch: Sound -&gt; Ton , &#8222;2&#8220; oder To -&gt; zu, Light -&gt; Licht) ist ein eingebautes und automatisches Programm gemeint, welches auf Bassschl\u00e4ge reagiert. Dabei werden entweder zuf\u00e4llig generierte Figuren wiedergegeben (bei Scannern oder Effektstrahlern) oder ein Programm wird bei jedem Bass-Impuls einen Schritt weiter fortgesetzt (bei Mischpult-Sequenzern).<\/p>\n\n\n\n<p><strong>Startadresse:<\/strong><br>Jedes DMX-Ger\u00e4t hat eine sogenannte Startadresse, von der aus das Ger\u00e4t die Kan\u00e4le belegt.<br>Hat ein Ger\u00e4t z.B. 5 Kan\u00e4le und die Startadresse lautet 8, belegt das Ger\u00e4t die Kan\u00e4le 8,9,10,11 und 12.<br>Soll ein gleiches die Gleichen Bewegungen und Effekte machen, muss es die selbe Startadresse haben.<br>Die Startadresse wird bei den meisten Ger\u00e4ten \u00fcber Dip-Schalter gesetzt.<\/p>\n\n\n\n<p><strong>Strobe \/Flash:<\/strong><br>Mit Strobe oder Flash ist auf einer Art ein Ger\u00e4t gemeint, welches man auch als Blitzger\u00e4t bezeichnen kann.<br>Die meisten haben 2 Kan\u00e4le, wo einmal die Blitzfrequenz und einmal die Helligkeit eingestellt werden kann.<\/p>\n\n\n\n<figure class=\"wp-block-image size-large\"><img loading=\"lazy\" decoding=\"async\" width=\"600\" height=\"355\" src=\"https:\/\/www.alphanet-bochum.de\/wp-content\/uploads\/2021\/05\/001flash-1.jpg\" alt=\"\" class=\"wp-image-43\" title=\"Ein DMX-Flasher\" srcset=\"https:\/\/www.alphanet-bochum.de\/wp-content\/uploads\/2021\/05\/001flash-1.jpg 600w, https:\/\/www.alphanet-bochum.de\/wp-content\/uploads\/2021\/05\/001flash-1-300x178.jpg 300w\" sizes=\"(max-width: 600px) 100vw, 600px\" \/><figcaption>Ein DMX Flasher<\/figcaption><\/figure>\n\n\n\n<p>Mit &#8222;Flash&#8220; wird auch ein Effekt bezeichnet, wo z.B. an einem Scanner das Motiv blinkend mit kurzen Lichtimpulsen dargestellt wird.<\/p>\n\n\n\n<p><strong>XLR:<\/strong><br>Steht f\u00fcr Xcreen (engl. Aussprache Screen -&gt; Schirmung) Line (Signal) Return (R\u00fcckleiter).<br>Dieser Steckertyp wird in der B\u00fchnen und Stage-Technik sehr oft verwendet.<br>Wird ein XLR-Kabel in der Musik verwendet, ist bei einem symetrischen Ton-System Pin1 die Abschirmung, Pin2 der positive Leiter (auch oft als &#8222;hei\u00df&#8220; bezeichnet) und Pin3 der negative Leiter (auch als &#8222;kalt&#8220; bezeichnet).<br>Ein unsymetrisches Ton-System nutzt nur Pin1 als Masse und Pin2 als Signal. Pin3 ist mit Pin1 gebr\u00fcckt.<br>Wird ein XLR-Kabel in der Lichtechnik verwendet, ist Pin1 ist die Abschirmung, Pin2 ist das invertierte Signal (wird auch als &#8222;kalt&#8220; oder negativ bezeichnet) und Pin3 ist das positive Signal (wird auch als &#8222;hei\u00df&#8220; bezeichnet).<\/p>\n<\/div>\n<\/div>\n","protected":false},"excerpt":{"rendered":"<p>Hier eine kleine und kurze Erkl\u00e4rung zu den am meisten auftretenden Begriffen in der Lichttechnik. Klar, diese Liste ist nicht l\u00fcckenlos, aber dennoch versuche ich hier alle eventuell (f\u00fcr den &#8222;Laien&#8220;) unbekannten Begriffe zu erkl\u00e4ren, die ich auf meiner Seite verwende. Blackout:Eine Taste die an fast jedem Lichtmischpult vorhanden ist.Vergleichbar [&hellip;]<\/p>\n","protected":false},"author":1,"featured_media":0,"parent":30,"menu_order":0,"comment_status":"closed","ping_status":"closed","template":"","meta":{"footnotes":""},"class_list":["post-27","page","type-page","status-publish","hentry"],"_links":{"self":[{"href":"https:\/\/www.alphanet-bochum.de\/index.php?rest_route=\/wp\/v2\/pages\/27"}],"collection":[{"href":"https:\/\/www.alphanet-bochum.de\/index.php?rest_route=\/wp\/v2\/pages"}],"about":[{"href":"https:\/\/www.alphanet-bochum.de\/index.php?rest_route=\/wp\/v2\/types\/page"}],"author":[{"embeddable":true,"href":"https:\/\/www.alphanet-bochum.de\/index.php?rest_route=\/wp\/v2\/users\/1"}],"replies":[{"embeddable":true,"href":"https:\/\/www.alphanet-bochum.de\/index.php?rest_route=%2Fwp%2Fv2%2Fcomments&post=27"}],"version-history":[{"count":3,"href":"https:\/\/www.alphanet-bochum.de\/index.php?rest_route=\/wp\/v2\/pages\/27\/revisions"}],"predecessor-version":[{"id":54,"href":"https:\/\/www.alphanet-bochum.de\/index.php?rest_route=\/wp\/v2\/pages\/27\/revisions\/54"}],"up":[{"embeddable":true,"href":"https:\/\/www.alphanet-bochum.de\/index.php?rest_route=\/wp\/v2\/pages\/30"}],"wp:attachment":[{"href":"https:\/\/www.alphanet-bochum.de\/index.php?rest_route=%2Fwp%2Fv2%2Fmedia&parent=27"}],"curies":[{"name":"wp","href":"https:\/\/api.w.org\/{rel}","templated":true}]}}