{"id":66,"date":"2021-05-16T19:18:34","date_gmt":"2021-05-16T18:18:34","guid":{"rendered":"https:\/\/www.alphanet-bochum.de\/?page_id=66"},"modified":"2025-03-18T22:44:43","modified_gmt":"2025-03-18T21:44:43","slug":"aufbau-einer-dmx-lichtanlage","status":"publish","type":"page","link":"https:\/\/www.alphanet-bochum.de\/?page_id=66","title":{"rendered":"Aufbau einer DMX-Lichtanlage"},"content":{"rendered":"\n<p>Eine Lichtanlage, die \u00fcber DMX gesteuert wird ist immer gleich aufgebaut:<br>Ein DMX-Controller sendet die Steuersignale an die DMX-f\u00e4higen Ger\u00e4te.<br>Dies k\u00f6nnen unter anderem Scanner, MovingHeads, PAR-Strahler, Flasher (Stroboscope), Dimmerpacks, Effekstrahler, Laser, Nebelmaschinen sein.<\/p>\n\n\n\n<p>Verbunden werden diese Ger\u00e4te in einer seriellen Kette (alle hintereinander) mittels 110\u03a9 DMX-Kabel.<br>Oft werden auch normale XLR-Mikrophonkabel verwendet.<br>Empfohlen wird dies NICHT, da es zu St\u00f6rungen in der Signal\u00fcbertragung kommen kann!<br>In der Praxis jedoch findet man sehr oft diese normalen XLR-Kabel.<br>Ich selber habe nur diese Kabel und noch nie St\u00f6rungen in meiner Anlage gehabt.<\/p>\n\n\n\n<figure class=\"wp-block-image size-large\"><img loading=\"lazy\" decoding=\"async\" width=\"800\" height=\"403\" src=\"https:\/\/www.alphanet-bochum.de\/wp-content\/uploads\/2021\/05\/001dmx-kabel.jpg\" alt=\"\" class=\"wp-image-59\" srcset=\"https:\/\/www.alphanet-bochum.de\/wp-content\/uploads\/2021\/05\/001dmx-kabel.jpg 800w, https:\/\/www.alphanet-bochum.de\/wp-content\/uploads\/2021\/05\/001dmx-kabel-300x151.jpg 300w, https:\/\/www.alphanet-bochum.de\/wp-content\/uploads\/2021\/05\/001dmx-kabel-768x387.jpg 768w\" sizes=\"auto, (max-width: 800px) 100vw, 800px\" \/><figcaption>Ein typisches XLR-Kabel, welches oft auch in der Lichttechnik verwendet wird<\/figcaption><\/figure>\n\n\n\n<p>Am Ende dieser Kette sollte ein Abschlusswiderstand oder ein so genannter Pr\u00fcfstecker vorhanden sein.<br>Dieser verhindert, dass das Signal so genannte &#8222;Echos&#8220; bekommt und\u00a0 St\u00f6rungen in der Anlage verursacht.<br>Der Abschlusswiderstand ist ein 120\u03a9-Widerstand, der zwischen Signal+ und Signal- angeschlossen ist.<\/p>\n\n\n\n<figure class=\"wp-block-image size-large\"><img loading=\"lazy\" decoding=\"async\" width=\"600\" height=\"171\" src=\"https:\/\/www.alphanet-bochum.de\/wp-content\/uploads\/2021\/05\/001dmx-kette.gif\" alt=\"\" class=\"wp-image-67\"\/><figcaption>Aufbau einer typischen DMX-Lichtanlage<\/figcaption><\/figure>\n\n\n\n<p>Neben dem m\u00f6glichen Signalverlust hat das 3polige XLR-Kabel noch eine Gefahr auf der Stage.<br>Musikger\u00e4te, wie Mischpulte, EQs, Instrumente, PA-Anlagen und Microphone verwenden auch diese Kabel.<br>Im Eifer des Gefechtes kann es schnell passieren, das man im Kabelgewulst das Microphon an die Lichtanlage anst\u00f6pselt oder eine PAR an ein Musik-Mischpult anschliest.<br>Dies kann die betroffenen Ger\u00e4te schwer besch\u00e4digen oder ganz zerst\u00f6ren!<\/p>\n\n\n\n<figure class=\"wp-block-image size-large\"><img loading=\"lazy\" decoding=\"async\" width=\"600\" height=\"388\" src=\"https:\/\/www.alphanet-bochum.de\/wp-content\/uploads\/2021\/05\/001dmx-geraet.jpg\" alt=\"\" class=\"wp-image-68\" srcset=\"https:\/\/www.alphanet-bochum.de\/wp-content\/uploads\/2021\/05\/001dmx-geraet.jpg 600w, https:\/\/www.alphanet-bochum.de\/wp-content\/uploads\/2021\/05\/001dmx-geraet-300x194.jpg 300w\" sizes=\"auto, (max-width: 600px) 100vw, 600px\" \/><figcaption>R\u00fcckseite eines typischen DMX-Lichteffektger\u00e4tes<\/figcaption><\/figure>\n\n\n\n<figure class=\"wp-block-image size-large\"><img loading=\"lazy\" decoding=\"async\" width=\"800\" height=\"208\" src=\"https:\/\/www.alphanet-bochum.de\/wp-content\/uploads\/2021\/05\/001audio-interface.jpg\" alt=\"\" class=\"wp-image-69\" srcset=\"https:\/\/www.alphanet-bochum.de\/wp-content\/uploads\/2021\/05\/001audio-interface.jpg 800w, https:\/\/www.alphanet-bochum.de\/wp-content\/uploads\/2021\/05\/001audio-interface-300x78.jpg 300w, https:\/\/www.alphanet-bochum.de\/wp-content\/uploads\/2021\/05\/001audio-interface-768x200.jpg 768w\" sizes=\"auto, (max-width: 800px) 100vw, 800px\" \/><figcaption>R\u00fcckseite eines Audio-Ger\u00e4tes<\/figcaption><\/figure>\n\n\n\n<p>Man erkennt deutlich die Verwechslungsgefahr!<br>BEIDE Ger\u00e4te verwenden den 3poligen XLR-Anschluss!&nbsp;<\/p>\n\n\n\n<p>Als Abhilfe kann man seine Lichtsteuerkabel farblich markieren oder man verwendet das 5polige DMX-Kabel<\/p>\n\n\n\n<p>Ich selber habe nur 3polige DMX-Ger\u00e4te im Einsatz.<br>Hier die Belegung der DMX-Buchsen und Stecker:<\/p>\n\n\n\n<figure class=\"wp-block-image size-large\"><img loading=\"lazy\" decoding=\"async\" width=\"800\" height=\"620\" src=\"https:\/\/www.alphanet-bochum.de\/wp-content\/uploads\/2021\/05\/001dmx-anschluss.jpg\" alt=\"\" class=\"wp-image-70\" srcset=\"https:\/\/www.alphanet-bochum.de\/wp-content\/uploads\/2021\/05\/001dmx-anschluss.jpg 800w, https:\/\/www.alphanet-bochum.de\/wp-content\/uploads\/2021\/05\/001dmx-anschluss-300x233.jpg 300w, https:\/\/www.alphanet-bochum.de\/wp-content\/uploads\/2021\/05\/001dmx-anschluss-768x595.jpg 768w\" sizes=\"auto, (max-width: 800px) 100vw, 800px\" \/><\/figure>\n\n\n\n<p>An einem 5-Poligen DMX-Stecker w\u00fcrde die Belegung folgenderma\u00dfen aussehen:<\/p>\n\n\n\n<figure class=\"wp-block-image size-large\"><img loading=\"lazy\" decoding=\"async\" width=\"595\" height=\"348\" src=\"https:\/\/www.alphanet-bochum.de\/wp-content\/uploads\/2021\/05\/001dmx-anschluss-5pol.gif\" alt=\"\" class=\"wp-image-71\"\/><\/figure>\n\n\n\n<p>PIN4 und 5 sind OPTIONAL belegt.<br>Ob da nun ein zweites DMX-Signal anliegt, oder eine 24V-Spannungsversorgung ist nicht genormt!<br><span style=\"color:#ff0000\" class=\"has-inline-color\">Daher immer vorher sich vergewissern, was an PIN4 und 5 anliegt und was an den Ger\u00e4ten abgegriffen oder ausgegeben wird!<\/span><\/p>\n","protected":false},"excerpt":{"rendered":"<p>Eine Lichtanlage, die \u00fcber DMX gesteuert wird ist immer gleich aufgebaut:Ein DMX-Controller sendet die Steuersignale an die DMX-f\u00e4higen Ger\u00e4te.Dies k\u00f6nnen unter anderem Scanner, MovingHeads, PAR-Strahler, Flasher (Stroboscope), Dimmerpacks, Effekstrahler, Laser, Nebelmaschinen sein. Verbunden werden diese Ger\u00e4te in einer seriellen Kette (alle hintereinander) mittels 110\u03a9 DMX-Kabel.Oft werden auch normale XLR-Mikrophonkabel verwendet.Empfohlen [&hellip;]<\/p>\n","protected":false},"author":1,"featured_media":0,"parent":30,"menu_order":0,"comment_status":"closed","ping_status":"closed","template":"","meta":{"footnotes":""},"class_list":["post-66","page","type-page","status-publish","hentry"],"_links":{"self":[{"href":"https:\/\/www.alphanet-bochum.de\/index.php?rest_route=\/wp\/v2\/pages\/66","targetHints":{"allow":["GET"]}}],"collection":[{"href":"https:\/\/www.alphanet-bochum.de\/index.php?rest_route=\/wp\/v2\/pages"}],"about":[{"href":"https:\/\/www.alphanet-bochum.de\/index.php?rest_route=\/wp\/v2\/types\/page"}],"author":[{"embeddable":true,"href":"https:\/\/www.alphanet-bochum.de\/index.php?rest_route=\/wp\/v2\/users\/1"}],"replies":[{"embeddable":true,"href":"https:\/\/www.alphanet-bochum.de\/index.php?rest_route=%2Fwp%2Fv2%2Fcomments&post=66"}],"version-history":[{"count":1,"href":"https:\/\/www.alphanet-bochum.de\/index.php?rest_route=\/wp\/v2\/pages\/66\/revisions"}],"predecessor-version":[{"id":72,"href":"https:\/\/www.alphanet-bochum.de\/index.php?rest_route=\/wp\/v2\/pages\/66\/revisions\/72"}],"up":[{"embeddable":true,"href":"https:\/\/www.alphanet-bochum.de\/index.php?rest_route=\/wp\/v2\/pages\/30"}],"wp:attachment":[{"href":"https:\/\/www.alphanet-bochum.de\/index.php?rest_route=%2Fwp%2Fv2%2Fmedia&parent=66"}],"curies":[{"name":"wp","href":"https:\/\/api.w.org\/{rel}","templated":true}]}}