{"id":79,"date":"2021-05-16T19:44:01","date_gmt":"2021-05-16T18:44:01","guid":{"rendered":"https:\/\/www.alphanet-bochum.de\/?page_id=79"},"modified":"2025-03-18T22:45:05","modified_gmt":"2025-03-18T21:45:05","slug":"dmx-controller-und-sequenzer","status":"publish","type":"page","link":"https:\/\/www.alphanet-bochum.de\/?page_id=79","title":{"rendered":"DMX: Controller und Sequenzer"},"content":{"rendered":"\n<p>Es ist bei 2 bis 3 Ger\u00e4ten noch m\u00f6glich diese &#8222;Live&#8220; zu bedienen, w\u00e4hrend einer Show.<br>Doch macht dies erstens keinen Sinn, zweitens ist es nur bedingt m\u00f6glich wenn sich alles bewegen soll und drittens w\u00e4re dies f\u00fcr den Lichttechniker Stress pur!<\/p>\n\n\n\n<p>Fast alle Lichtmischpulte haben einen eigenen Sequenzer, der automatisch entweder nach vorgegebener Zeit, per &#8222;Crossover&#8220;-Fader oder mittels Sound2Light durchl\u00e4uft.<\/p>\n\n\n\n<p>Hier ist das Mischpult, mit welchem ich angefangen habe:<\/p>\n\n\n\n<figure class=\"wp-block-image size-large\"><img loading=\"lazy\" decoding=\"async\" width=\"800\" height=\"264\" src=\"https:\/\/www.alphanet-bochum.de\/wp-content\/uploads\/2021\/05\/001dmx-desk1.jpg\" alt=\"\" class=\"wp-image-80\" srcset=\"https:\/\/www.alphanet-bochum.de\/wp-content\/uploads\/2021\/05\/001dmx-desk1.jpg 800w, https:\/\/www.alphanet-bochum.de\/wp-content\/uploads\/2021\/05\/001dmx-desk1-300x99.jpg 300w, https:\/\/www.alphanet-bochum.de\/wp-content\/uploads\/2021\/05\/001dmx-desk1-768x253.jpg 768w\" sizes=\"(max-width: 800px) 100vw, 800px\" \/><figcaption>Eurolite Scan Control von Conrad &#8211; ein gutes Einsteigermodell<\/figcaption><\/figure>\n\n\n\n<p>Dieses Lichtmischpult ist aktuell bei mir im Einsatz und um Klassen besser und f\u00fcr meine &#8222;paar&#8220; Ger\u00e4te das beste Pult f\u00fcr meine Zwecke:<\/p>\n\n\n\n<figure class=\"wp-block-image size-large\"><img loading=\"lazy\" decoding=\"async\" width=\"900\" height=\"435\" src=\"https:\/\/www.alphanet-bochum.de\/wp-content\/uploads\/2021\/05\/001dmx-desk2.jpg\" alt=\"\" class=\"wp-image-81\" srcset=\"https:\/\/www.alphanet-bochum.de\/wp-content\/uploads\/2021\/05\/001dmx-desk2.jpg 900w, https:\/\/www.alphanet-bochum.de\/wp-content\/uploads\/2021\/05\/001dmx-desk2-300x145.jpg 300w, https:\/\/www.alphanet-bochum.de\/wp-content\/uploads\/2021\/05\/001dmx-desk2-768x371.jpg 768w\" sizes=\"(max-width: 900px) 100vw, 900px\" \/><figcaption>imgStageLine DMX1440 &#8211; Ein Lichtmischpult, welches kaum W\u00fcnsche offen l\u00e4sst<\/figcaption><\/figure>\n\n\n\n<p><strong><em>Sequenzer \u00fcber Mischpult<\/em><\/strong><br>F\u00fcr eine einfache Show f\u00fcr eine Gartenfeier, Geburtstagsfeier oder die Party &#8222;zwischendurch&#8220; kann man ohne Probleme auf den Sequenzer im Mischpult setzten.<\/p>\n\n\n\n<p>Der Speicher in einem Mischpult ist meistens in eine Anzahl von <strong>B\u00e4nken <\/strong>aufgeteilt, wo jede einzelne Bank wiederum eine bestimmte Anzahl von <strong>Scenen <\/strong>beinhaltet. Eine Scene (oder Bild) hat alle Fadereinstellungen der einzelnen Kan\u00e4le gespeichert.<\/p>\n\n\n\n<p>Das einzelne Programm wird selbst <strong>Sequenz <\/strong>genannt und ruft die einzelnen <strong>Scenen <\/strong>in so genannten <strong>Steps <\/strong>ab.<br>Dabei macht es Sinn, die B\u00e4nke logisch zu belegen.<br>Zum Beispiel sollte man die Farben und Gobos innerhalb einer Sequenz nicht all zu oft wechseln, da dies in einer laufenden Show sehr hektisch und &#8222;billig&#8220; wirkt.<\/p>\n\n\n\n<figure class=\"wp-block-image size-large\"><img loading=\"lazy\" decoding=\"async\" width=\"545\" height=\"301\" src=\"https:\/\/www.alphanet-bochum.de\/wp-content\/uploads\/2021\/05\/001bankscene.jpg\" alt=\"\" class=\"wp-image-82\" srcset=\"https:\/\/www.alphanet-bochum.de\/wp-content\/uploads\/2021\/05\/001bankscene.jpg 545w, https:\/\/www.alphanet-bochum.de\/wp-content\/uploads\/2021\/05\/001bankscene-300x166.jpg 300w\" sizes=\"(max-width: 545px) 100vw, 545px\" \/><\/figure>\n\n\n\n<p>Eine Sequenz kann normalerweise auf alle B\u00e4nke zugreifen und die einzelnen Scenen in einem Step abrufen.<\/p>\n\n\n\n<p>Wie viele B\u00e4nke, Scenen, Sequenzen und Steps programierbar sind, ist von Pult zu Pult verschieden!<br>Der Vorteil dieser Lichtshow ist, man braucht nur das Mischpult und die Show ist nach dem Einschalten des Pultes sehr schnell startbar.<br>Nachteil ist, genau auf die Musik sind diese Shows nicht abstimmbar!<\/p>\n\n\n\n<p><strong><em>Sequenzer \u00fcber Computer<\/em><\/strong><br>Komplexere Lichtshows werden generell \u00fcber PC gesteuert.<br>Musik- und Taktgenau lassen sich dann \u00fcber PC-Sequenzer Shows programmieren, die mit einem normalen Pult nie m\u00f6glich w\u00e4ren.<\/p>\n\n\n\n<p>Dazu ben\u00f6tigt man einen DMX-Adapter f\u00fcr den PC:<\/p>\n\n\n\n<figure class=\"wp-block-image size-large\"><img loading=\"lazy\" decoding=\"async\" width=\"400\" height=\"365\" src=\"https:\/\/www.alphanet-bochum.de\/wp-content\/uploads\/2021\/05\/001usb2dmx-box.jpg\" alt=\"\" class=\"wp-image-83\" srcset=\"https:\/\/www.alphanet-bochum.de\/wp-content\/uploads\/2021\/05\/001usb2dmx-box.jpg 400w, https:\/\/www.alphanet-bochum.de\/wp-content\/uploads\/2021\/05\/001usb2dmx-box-300x274.jpg 300w\" sizes=\"(max-width: 400px) 100vw, 400px\" \/><\/figure>\n\n\n\n<p>Diese Box hat auf der einen Seite einen USB-Eingang, um mit dem PC verbunden zu werden und auf der anderen Seite einen oder mehr DMX-Ausg\u00e4nge. An dieser Box habe ich schon einen kleinen Umbau get\u00e4tigt, damit sich die Box die Stromversorgung \u00fcber USB selber liefert.<\/p>\n\n\n\n<figure class=\"wp-block-image size-large\"><img loading=\"lazy\" decoding=\"async\" width=\"400\" height=\"240\" src=\"https:\/\/www.alphanet-bochum.de\/wp-content\/uploads\/2021\/05\/001usb2dmx-front.jpg\" alt=\"\" class=\"wp-image-84\" srcset=\"https:\/\/www.alphanet-bochum.de\/wp-content\/uploads\/2021\/05\/001usb2dmx-front.jpg 400w, https:\/\/www.alphanet-bochum.de\/wp-content\/uploads\/2021\/05\/001usb2dmx-front-300x180.jpg 300w\" sizes=\"(max-width: 400px) 100vw, 400px\" \/><figcaption>USB DMX-Box USB Anschluss<\/figcaption><\/figure>\n\n\n\n<figure class=\"wp-block-image size-large\"><img loading=\"lazy\" decoding=\"async\" width=\"400\" height=\"231\" src=\"https:\/\/www.alphanet-bochum.de\/wp-content\/uploads\/2021\/05\/001usb2dmx-back.jpg\" alt=\"\" class=\"wp-image-85\" srcset=\"https:\/\/www.alphanet-bochum.de\/wp-content\/uploads\/2021\/05\/001usb2dmx-back.jpg 400w, https:\/\/www.alphanet-bochum.de\/wp-content\/uploads\/2021\/05\/001usb2dmx-back-300x173.jpg 300w\" sizes=\"(max-width: 400px) 100vw, 400px\" \/><figcaption>USB DMX-Box XLR-Anschl\u00fcsse<\/figcaption><\/figure>\n\n\n\n<p>Zwar steht auf dem kleinen Schiebeschalter &#8222;220V&#8220; drauf, aber dieser Schalter wechselt die Spannungsversorgung nur zwischen USB und externes Netzteil.<br>Ich hatte zum Umbauzeitpunkt keinen anderen Schiebeschalter zur Hand.<\/p>\n\n\n\n<p>Damit man \u00fcber den PC eine Show programmieren kann, braucht man eine Sequenzer-Software.<br>Eine Freeware, mit sehr vielen Funktionen heist <a href=\"http:\/\/www.dmxcontrol.de\/\" target=\"_blank\" rel=\"noreferrer noopener\">DMX-Control<\/a>&nbsp;und ist auch bei mir aktiv im Einsatz.<br>Aktuell teils noch noch als &#8222;\u00dcbersetzter&#8220;.<\/p>\n\n\n\n<p>Es h\u00f6rt sich zwar sehr komisch an, jedoch nutze ich einen MIDI-Sequenzer als Lichtsteuerprogramm. Ich habe aktuell &#8222;nur&#8220; 14 Ger\u00e4te-Gruppen und komme somit gerade noch mit 16 MIDI-Kan\u00e4len aus. (Stand 2014)<\/p>\n\n\n\n<p><strong>Ein MIDI-Sequenzer als DMX-Sequenzer nutzen, wie soll das funktionieren?<\/strong><br>Erstaunlicherweise funktioniert das sehr gut!<br>Zuerst weise ich jedem Ger\u00e4t einen eigenen MIDI-Kanal zu.<br>In DMX-Control gibt es den Punkt &#8222;Midi-Fernbedienung&#8220; und dort kann man jedem MIDI-Signal eine DMX-Aktion zuweisen.<br>Ein kleines Beispiel:<br>Mein Scanner hat die Startadresse 5 und habe ihm den MIDI-Kanal1 zugewiesen.<br>In DMX-Control lasse ich alle Aktionen aus dem MIDI-Kanal1 an den Scanner weiterleiten.<br>Pan, Tilt, Gobo, Farbe und Dimmer w\u00e4ren z.B. im MIDI-Sequenzer die Steuerbefehle von Pan (C10), Modulation (C01), Control20, Control21 und MainVolume (C07).<br>Ich habe diese Midi-Controler verwendet, da ich diese direkt an meinem Keyboard nutzen kann.<br>Man kann jeden Midi-Control-Befehl werwenden, sofern man DMX-Control die richtigen Befehle zuweist:<\/p>\n\n\n\n<figure class=\"wp-block-image size-large\"><img loading=\"lazy\" decoding=\"async\" width=\"491\" height=\"215\" src=\"https:\/\/www.alphanet-bochum.de\/wp-content\/uploads\/2021\/05\/001midi2dmx.gif\" alt=\"\" class=\"wp-image-86\"\/><figcaption>Midi nach DMX \u00fcbersetzen<\/figcaption><\/figure>\n\n\n\n<p>Dies f\u00fcr jedes Ger\u00e4t einmalig einzurichten ist auch schon das koplizierteste bei meiner Variante.<\/p>\n\n\n\n<p>Nun kann man im MIDI-Sequenzer (ich verwende Cubase LE 5) bequem Spur f\u00fcr Spur die DMX-Ger\u00e4te entweder live aufnehmen oder von Hand in den Sequenzer die Steuerbefehle schreiben (Listen-Editor).<br>Um die Show live aufzunehmen empfiehlt sich ein gutes Keyboard mit reichlich Controllern und \/ oder ein Joypad (zus\u00e4tzlich wird ein VST-Plugin oder ein spezielles Programm ben\u00f6tigt!).<\/p>\n\n\n\n<p>Zugegeben etwas kompliziert, aber ich nutze diese Variante schon seit 2012.<br>Meine komplette Anlage ist folgernderma\u00dfen aufgebaut:<\/p>\n\n\n\n<figure class=\"wp-block-image size-large\"><img loading=\"lazy\" decoding=\"async\" width=\"885\" height=\"400\" src=\"https:\/\/www.alphanet-bochum.de\/wp-content\/uploads\/2021\/05\/001lichtpcanlage.jpg\" alt=\"\" class=\"wp-image-87\" srcset=\"https:\/\/www.alphanet-bochum.de\/wp-content\/uploads\/2021\/05\/001lichtpcanlage.jpg 885w, https:\/\/www.alphanet-bochum.de\/wp-content\/uploads\/2021\/05\/001lichtpcanlage-300x136.jpg 300w, https:\/\/www.alphanet-bochum.de\/wp-content\/uploads\/2021\/05\/001lichtpcanlage-768x347.jpg 768w\" sizes=\"(max-width: 885px) 100vw, 885px\" \/><figcaption>Meine PC-Lichtanlage (Stand 2014)<\/figcaption><\/figure>\n\n\n\n<p>Ich hatte angefangen, einen &#8222;Stand-Allone-Licht-PC&#8220; zusammen zu bauen.<br>Als Basis dient wieder DMX-Control, aber diesmal ist ein anderer USB2DMX-Adapter im Einsatz. Dieser hat neben einem sehr schnellen DMX-Ausgang, auch einen DMX-Eingang, wo nun mein altes Lichtmischpult als zus\u00e4tzlicher Kontroller dranh\u00e4ngt. Der PC selbst hat ein Touchdisplay und es l\u00e4uft von mir ein selbstgeschriebenes Programm, womit man Makros direkt ausw\u00e4hlen kann. Somit ist es auch m\u00f6glich komplexere Lichtshows live zu veranstalten.<br>N\u00e4heres dazu aber sp\u00e4ter in einem eigenen Beitrag!<\/p>\n","protected":false},"excerpt":{"rendered":"<p>Es ist bei 2 bis 3 Ger\u00e4ten noch m\u00f6glich diese &#8222;Live&#8220; zu bedienen, w\u00e4hrend einer Show.Doch macht dies erstens keinen Sinn, zweitens ist es nur bedingt m\u00f6glich wenn sich alles bewegen soll und drittens w\u00e4re dies f\u00fcr den Lichttechniker Stress pur! Fast alle Lichtmischpulte haben einen eigenen Sequenzer, der automatisch [&hellip;]<\/p>\n","protected":false},"author":1,"featured_media":0,"parent":30,"menu_order":0,"comment_status":"closed","ping_status":"closed","template":"","meta":{"footnotes":""},"class_list":["post-79","page","type-page","status-publish","hentry"],"_links":{"self":[{"href":"https:\/\/www.alphanet-bochum.de\/index.php?rest_route=\/wp\/v2\/pages\/79"}],"collection":[{"href":"https:\/\/www.alphanet-bochum.de\/index.php?rest_route=\/wp\/v2\/pages"}],"about":[{"href":"https:\/\/www.alphanet-bochum.de\/index.php?rest_route=\/wp\/v2\/types\/page"}],"author":[{"embeddable":true,"href":"https:\/\/www.alphanet-bochum.de\/index.php?rest_route=\/wp\/v2\/users\/1"}],"replies":[{"embeddable":true,"href":"https:\/\/www.alphanet-bochum.de\/index.php?rest_route=%2Fwp%2Fv2%2Fcomments&post=79"}],"version-history":[{"count":1,"href":"https:\/\/www.alphanet-bochum.de\/index.php?rest_route=\/wp\/v2\/pages\/79\/revisions"}],"predecessor-version":[{"id":88,"href":"https:\/\/www.alphanet-bochum.de\/index.php?rest_route=\/wp\/v2\/pages\/79\/revisions\/88"}],"up":[{"embeddable":true,"href":"https:\/\/www.alphanet-bochum.de\/index.php?rest_route=\/wp\/v2\/pages\/30"}],"wp:attachment":[{"href":"https:\/\/www.alphanet-bochum.de\/index.php?rest_route=%2Fwp%2Fv2%2Fmedia&parent=79"}],"curies":[{"name":"wp","href":"https:\/\/api.w.org\/{rel}","templated":true}]}}