{"id":89,"date":"2021-05-16T19:57:01","date_gmt":"2021-05-16T18:57:01","guid":{"rendered":"https:\/\/www.alphanet-bochum.de\/?page_id=89"},"modified":"2025-03-18T22:45:42","modified_gmt":"2025-03-18T21:45:42","slug":"mein-dmx-geraetepark","status":"publish","type":"page","link":"https:\/\/www.alphanet-bochum.de\/?page_id=89","title":{"rendered":"Mein DMX-Ger\u00e4tepark"},"content":{"rendered":"\n<p><strong>Ich betreibe eine Licht- und Laseranlage mit aktuell insgesamt:<br>9 Lampenger\u00e4ten, 5 LED Ger\u00e4ten, 2 Spezialger\u00e4te und 3 Laser.<\/strong><br><br>Die Lampentechnik ist bei mir zwar noch in der \u00dcberzahl, allerdings plane ich ein Umbau auf LED der vorhandenen Ger\u00e4te. Die neue LED-Technik steht in Punkto Helligkeit in nichts mehr nach!<br><br><strong>Meine Ger\u00e4te in der \u00dcbersicht:<br>PAR:<\/strong><br>eurolite RGB56 PAR (4x im Einsatz)<br>LED betrieben<br>5 DMX Kan\u00e4le<br>2,5 kg<br>25 Watt<br><br><strong>Scanner:<\/strong><br>eurolite TS2 (nicht mehr aktiv im Set)<br>EFR 12 V\/100 W GZ-6,35 Lampe<br>5 DMX Kan\u00e4le<br>4,2 kg<br>115 Watt<br><br>eurolite TS7B (4x im Einsatz)<br>24 V\/250 W GX-5,3 Lampe<br>6 DMX Kan\u00e4le<br>7,4 kg<br>300 Watt<br><br>eurolite TS8 (2x im Einsatz)<br>24 V\/250 W GX-5,3 Lampe<br>7 DMX Kan\u00e4le<br>7,8 kg<br>285 Watt<br><br><strong>Movinghead:<\/strong><br>Showtec Phantom250 (1x im Einsatz)<br>EMH 250W\/SE\/80 Gasentladungslampe<br>14 DMX Kan\u00e4le<br>20 kg<br>350 Watt<br><br><strong>Effekte:<\/strong><br>AmericanDJ Nucleus PRO (1x im Einsatz)<br>6 X 10 Watt 4-in-1 RGBW LED<br>4, 18 oder 22 DMX Kan\u00e4le<br>13 kg<br>155 Watt<\/p>\n\n\n\n<p>lightmaXX METEOR LED (1x im Einsatz)<br>RGBWA 2x 8W Multi Chip LEDs<br>3 DMX Kan\u00e4le<br>5 kg<br>30 Watt<br><br>eurolite LED Strobe COB PRO (Stroboscope) (1x im Einsatz)<br>COP-LED<br>2 DMX Kan\u00e4le<br>2,2 kg<br>80 Watt<br><br>HQ Power VDL250 (Flower-Effekt) (1x im Einsatz)<br>ELC 24V\/250W GX-5,3 Lampe<br>2 DMX Kan\u00e4le<br>7,4 kg<br>300 Watt<br><br>Varytec Multidimmer (Dimmerpack) (bei Bedarf im Einsatz)<br>4x Schutzkontaktdosen<br>4 DMX Kan\u00e4le<br>2,7 kg<br>4x 2000 Watt (alle 4 Kan\u00e4le max zusammen 4000 Watt)<br><br><strong>Laser:<\/strong><br>Lightmaxx Pegasus 1.0 RGB (1x im Einsatz)<br>500mW Rot-Laser, 150mW Gr\u00fcn-Laser, 400mW Blau-Laser<br>DMX Kan\u00e4le<br>ILDA &#8211; Ja<br>6 kg<br>40 Watt<br><br>GTech SynthLase50G (nicht mehr aktiv im Set)<br>Gr\u00fcn-Laser (50 mW)<br>8 DMX Kan\u00e4le<br>ILDA &#8211; Nein<br>3,5 kg<br>40 Watt<br><br>LEP Faenon500RGB (1x aktiv im Set)<br>Vollfarb-Grafik-Laser (500 mW)<br>14 DMX Kan\u00e4le<br>ILDA &#8211; Ja<br>13,7 kg<br>100 Watt<br><br>Soweit zu all dem, was leuchtet, blinkt und blitzt&#8230;<br>Gesteuert wurde dieser Park meistens \u00fcber mein LichtPC (Pentium4 &#8211; Win7 32Bit &#8211; DMXControl2). Mittlerweile baue ich einen neuen Licht-PC auf, der deutlich leistungsf\u00e4higer, schneller und mit mehr Funktionen ist!<br>Als Lichtmischpult habe ich das <strong>DMX1440<\/strong> von<strong> imgStageLine.<\/strong><br>Der Controler hat 12Fader mit 8 ausw\u00e4hlbaren Gruppen (96 Steuerkan\u00e4le) und 144 zuweisbare DMX-Adressen.<br>Es sind 240 Szenen (12 Szenen in 20 B\u00e4nken) und 60 Sequenzen mit maximal 120 Schritten pro Sequenz speicherbar!<br>F\u00fcr Musiksynchrone Lichtshows (wie z.B. zu Sylvester) wird auch mein PC-gest\u00fctzter USB2DMX-Controller (selbst gebauter <a href=\"http:\/\/www.dmxcontrol-projects.org\/hardware\/nodle-u1.html\" target=\"_blank\" rel=\"noreferrer noopener\">Nodle U1<\/a>)verwendet.<br>N\u00e4heres zu Controllern kann man im Artikel &#8222;DMX: Controler und Sequenzer&#8220; nachlesen.<br><br>Eine PA-Anlage habe ich leider nicht mehr.<\/p>\n","protected":false},"excerpt":{"rendered":"<p>Ich betreibe eine Licht- und Laseranlage mit aktuell insgesamt:9 Lampenger\u00e4ten, 5 LED Ger\u00e4ten, 2 Spezialger\u00e4te und 3 Laser. Die Lampentechnik ist bei mir zwar noch in der \u00dcberzahl, allerdings plane ich ein Umbau auf LED der vorhandenen Ger\u00e4te. Die neue LED-Technik steht in Punkto Helligkeit in nichts mehr nach! Meine [&hellip;]<\/p>\n","protected":false},"author":1,"featured_media":0,"parent":30,"menu_order":0,"comment_status":"closed","ping_status":"closed","template":"","meta":{"footnotes":""},"class_list":["post-89","page","type-page","status-publish","hentry"],"_links":{"self":[{"href":"https:\/\/www.alphanet-bochum.de\/index.php?rest_route=\/wp\/v2\/pages\/89"}],"collection":[{"href":"https:\/\/www.alphanet-bochum.de\/index.php?rest_route=\/wp\/v2\/pages"}],"about":[{"href":"https:\/\/www.alphanet-bochum.de\/index.php?rest_route=\/wp\/v2\/types\/page"}],"author":[{"embeddable":true,"href":"https:\/\/www.alphanet-bochum.de\/index.php?rest_route=\/wp\/v2\/users\/1"}],"replies":[{"embeddable":true,"href":"https:\/\/www.alphanet-bochum.de\/index.php?rest_route=%2Fwp%2Fv2%2Fcomments&post=89"}],"version-history":[{"count":2,"href":"https:\/\/www.alphanet-bochum.de\/index.php?rest_route=\/wp\/v2\/pages\/89\/revisions"}],"predecessor-version":[{"id":195,"href":"https:\/\/www.alphanet-bochum.de\/index.php?rest_route=\/wp\/v2\/pages\/89\/revisions\/195"}],"up":[{"embeddable":true,"href":"https:\/\/www.alphanet-bochum.de\/index.php?rest_route=\/wp\/v2\/pages\/30"}],"wp:attachment":[{"href":"https:\/\/www.alphanet-bochum.de\/index.php?rest_route=%2Fwp%2Fv2%2Fmedia&parent=89"}],"curies":[{"name":"wp","href":"https:\/\/api.w.org\/{rel}","templated":true}]}}